{"id":818,"date":"2023-11-13T18:57:06","date_gmt":"2023-11-13T17:57:06","guid":{"rendered":"https:\/\/themalbechouse.com\/?post_type=product&#038;p=818"},"modified":"2026-02-19T21:57:42","modified_gmt":"2026-02-19T20:57:42","slug":"vistalba-corte-c","status":"publish","type":"product","link":"https:\/\/themalbechouse.com\/ca\/vistalba-corte-c\/","title":{"rendered":"Vistalba Tall C"},"content":{"rendered":"","protected":false},"excerpt":{"rendered":"<p>Aquest vi \u00e9s de color vermell rob\u00ed brillant, amb aromes de fruita vermella madura i esp\u00e8cies com clau i pebre vermell. T\u00e9 una entrada vellutada, amb un centre rod\u00f3 i bona estructura. El final \u00e9s elegant i delici\u00f3s.<\/p>","protected":false},"featured_media":1187,"comment_status":"open","ping_status":"closed","template":"","meta":{"_acf_changed":false},"product_brand":[],"product_cat":[126],"product_tag":[],"class_list":{"0":"post-818","1":"product","2":"type-product","3":"status-publish","4":"has-post-thumbnail","6":"product-chance-vinos-cena-especial","7":"product-type-tinto","8":"product-variety-red-blend","9":"product-pairing-carnes","10":"product-pairing-argentina","11":"product-winery-vistalba","12":"product-state-promocion","13":"product_cat-lujan-de-cuyo","15":"first","16":"instock","17":"taxable","18":"shipping-taxable","19":"purchasable","20":"product-type-simple"},"acf":[],"_links":{"self":[{"href":"https:\/\/themalbechouse.com\/ca\/wp-json\/wp\/v2\/product\/818","targetHints":{"allow":["GET"]}}],"collection":[{"href":"https:\/\/themalbechouse.com\/ca\/wp-json\/wp\/v2\/product"}],"about":[{"href":"https:\/\/themalbechouse.com\/ca\/wp-json\/wp\/v2\/types\/product"}],"replies":[{"embeddable":true,"href":"https:\/\/themalbechouse.com\/ca\/wp-json\/wp\/v2\/comments?post=818"}],"wp:featuredmedia":[{"embeddable":true,"href":"https:\/\/themalbechouse.com\/ca\/wp-json\/wp\/v2\/media\/1187"}],"wp:attachment":[{"href":"https:\/\/themalbechouse.com\/ca\/wp-json\/wp\/v2\/media?parent=818"}],"wp:term":[{"taxonomy":"product_brand","embeddable":true,"href":"https:\/\/themalbechouse.com\/ca\/wp-json\/wp\/v2\/product_brand?post=818"},{"taxonomy":"product_cat","embeddable":true,"href":"https:\/\/themalbechouse.com\/ca\/wp-json\/wp\/v2\/product_cat?post=818"},{"taxonomy":"product_tag","embeddable":true,"href":"https:\/\/themalbechouse.com\/ca\/wp-json\/wp\/v2\/product_tag?post=818"}],"curies":[{"name":"wp","href":"https:\/\/api.w.org\/{rel}","templated":true}]}}