{"id":886,"date":"2023-11-29T19:57:37","date_gmt":"2023-11-29T18:57:37","guid":{"rendered":"https:\/\/themalbechouse.com\/?post_type=product&#038;p=886"},"modified":"2025-12-06T16:25:03","modified_gmt":"2025-12-06T15:25:03","slug":"el-porvenir-laborum-de-parcela-torrontes","status":"publish","type":"product","link":"https:\/\/themalbechouse.com\/ca\/el-porvenir-laborum-de-parcela-torrontes\/","title":{"rendered":"El Porvenir Laborum De Parcela Torront?s"},"content":{"rendered":"","protected":false},"excerpt":{"rendered":"<p>\u00c9s un vi blanc lleuger i refrescant. Les aromes de llima i llimona van acompanyades de subtils notes florals, i el final \u00e9s suau. \u00c9s un vi perfecte per als que gaudeixen amb els blancs afruitats.<\/p>","protected":false},"featured_media":1218,"comment_status":"open","ping_status":"closed","template":"","meta":{"_acf_changed":false},"product_brand":[],"product_cat":[84],"product_tag":[],"class_list":{"0":"post-886","1":"product","2":"type-product","3":"status-publish","4":"has-post-thumbnail","6":"product-chance-vinos-aprender","7":"product-type-blanco","8":"product-variety-torrontes","9":"product-pairing-argentina","10":"product-pairing-hindu","11":"product-pairing-thai","12":"product-winery-el-porvenir","13":"product_cat-cafayate","15":"first","16":"instock","17":"taxable","18":"shipping-taxable","19":"purchasable","20":"product-type-simple"},"acf":[],"_links":{"self":[{"href":"https:\/\/themalbechouse.com\/ca\/wp-json\/wp\/v2\/product\/886","targetHints":{"allow":["GET"]}}],"collection":[{"href":"https:\/\/themalbechouse.com\/ca\/wp-json\/wp\/v2\/product"}],"about":[{"href":"https:\/\/themalbechouse.com\/ca\/wp-json\/wp\/v2\/types\/product"}],"replies":[{"embeddable":true,"href":"https:\/\/themalbechouse.com\/ca\/wp-json\/wp\/v2\/comments?post=886"}],"wp:featuredmedia":[{"embeddable":true,"href":"https:\/\/themalbechouse.com\/ca\/wp-json\/wp\/v2\/media\/1218"}],"wp:attachment":[{"href":"https:\/\/themalbechouse.com\/ca\/wp-json\/wp\/v2\/media?parent=886"}],"wp:term":[{"taxonomy":"product_brand","embeddable":true,"href":"https:\/\/themalbechouse.com\/ca\/wp-json\/wp\/v2\/product_brand?post=886"},{"taxonomy":"product_cat","embeddable":true,"href":"https:\/\/themalbechouse.com\/ca\/wp-json\/wp\/v2\/product_cat?post=886"},{"taxonomy":"product_tag","embeddable":true,"href":"https:\/\/themalbechouse.com\/ca\/wp-json\/wp\/v2\/product_tag?post=886"}],"curies":[{"name":"wp","href":"https:\/\/api.w.org\/{rel}","templated":true}]}}