{"id":898,"date":"2023-11-30T11:00:51","date_gmt":"2023-11-30T10:00:51","guid":{"rendered":"https:\/\/themalbechouse.com\/?post_type=product&#038;p=898"},"modified":"2025-12-06T16:25:04","modified_gmt":"2025-12-06T15:25:04","slug":"el-porvenir-icono","status":"publish","type":"product","link":"https:\/\/themalbechouse.com\/ca\/el-porvenir-icono\/","title":{"rendered":"L&#039;Avenir Icona"},"content":{"rendered":"","protected":false},"excerpt":{"rendered":"<p>Aquest vi \u00e9s un atac fruiter, amb nabius i m\u00f3res, seguit de notes bals\u00e0miques i esp\u00e8cies dolces. L\u00b4entrada \u00e9s afruitada i fresca, amb una textura cruixent i una elegant for\u00e7a t\u00e0nnica.<\/p>","protected":false},"featured_media":1217,"comment_status":"open","ping_status":"closed","template":"","meta":{"_acf_changed":false},"product_brand":[],"product_cat":[84],"product_tag":[],"class_list":{"0":"post-898","1":"product","2":"type-product","3":"status-publish","4":"has-post-thumbnail","6":"product-chance-vinos-cena-especial","7":"product-type-tinto","8":"product-variety-red-blend","9":"product-pairing-argentina","10":"product-pairing-carnes","11":"product-winery-el-porvenir","12":"product_cat-cafayate","14":"first","15":"instock","16":"taxable","17":"shipping-taxable","18":"purchasable","19":"product-type-simple"},"acf":[],"_links":{"self":[{"href":"https:\/\/themalbechouse.com\/ca\/wp-json\/wp\/v2\/product\/898","targetHints":{"allow":["GET"]}}],"collection":[{"href":"https:\/\/themalbechouse.com\/ca\/wp-json\/wp\/v2\/product"}],"about":[{"href":"https:\/\/themalbechouse.com\/ca\/wp-json\/wp\/v2\/types\/product"}],"replies":[{"embeddable":true,"href":"https:\/\/themalbechouse.com\/ca\/wp-json\/wp\/v2\/comments?post=898"}],"wp:featuredmedia":[{"embeddable":true,"href":"https:\/\/themalbechouse.com\/ca\/wp-json\/wp\/v2\/media\/1217"}],"wp:attachment":[{"href":"https:\/\/themalbechouse.com\/ca\/wp-json\/wp\/v2\/media?parent=898"}],"wp:term":[{"taxonomy":"product_brand","embeddable":true,"href":"https:\/\/themalbechouse.com\/ca\/wp-json\/wp\/v2\/product_brand?post=898"},{"taxonomy":"product_cat","embeddable":true,"href":"https:\/\/themalbechouse.com\/ca\/wp-json\/wp\/v2\/product_cat?post=898"},{"taxonomy":"product_tag","embeddable":true,"href":"https:\/\/themalbechouse.com\/ca\/wp-json\/wp\/v2\/product_tag?post=898"}],"curies":[{"name":"wp","href":"https:\/\/api.w.org\/{rel}","templated":true}]}}