{"id":911,"date":"2023-11-30T11:47:27","date_gmt":"2023-11-30T10:47:27","guid":{"rendered":"https:\/\/themalbechouse.com\/?post_type=product&#038;p=911"},"modified":"2025-12-03T13:18:56","modified_gmt":"2025-12-03T12:18:56","slug":"tapiz-alta-collection-cabernet-sauvignon","status":"publish","type":"product","link":"https:\/\/themalbechouse.com\/ca\/tapiz-alta-collection-cabernet-sauvignon\/","title":{"rendered":"Tap\u00eds Alta Collection Cabernet Sauvignon"},"content":{"rendered":"","protected":false},"excerpt":{"rendered":"<p>El nas \u00e9s ple de fruites vermelles i negres fresques, melmelada de pruna i delicades notes d&#039;eucaliptus. A la boca \u00e9s ric en esp\u00e8cies de roure i xocolata, arrodonit amb un toc de caf\u00e8 al final.<\/p>","protected":false},"featured_media":1313,"comment_status":"open","ping_status":"closed","template":"","meta":{"_acf_changed":false},"product_brand":[],"product_cat":[125],"product_tag":[],"class_list":{"0":"post-911","1":"product","2":"type-product","3":"status-publish","4":"has-post-thumbnail","6":"product-type-tinto","7":"product-variety-cabernet-sauvignon","8":"product-pairing-argentina","9":"product-pairing-carnes","10":"product-winery-tapiz","11":"product_cat-valle-de-uco","13":"first","14":"instock","15":"taxable","16":"shipping-taxable","17":"purchasable","18":"product-type-simple"},"acf":[],"_links":{"self":[{"href":"https:\/\/themalbechouse.com\/ca\/wp-json\/wp\/v2\/product\/911","targetHints":{"allow":["GET"]}}],"collection":[{"href":"https:\/\/themalbechouse.com\/ca\/wp-json\/wp\/v2\/product"}],"about":[{"href":"https:\/\/themalbechouse.com\/ca\/wp-json\/wp\/v2\/types\/product"}],"replies":[{"embeddable":true,"href":"https:\/\/themalbechouse.com\/ca\/wp-json\/wp\/v2\/comments?post=911"}],"wp:featuredmedia":[{"embeddable":true,"href":"https:\/\/themalbechouse.com\/ca\/wp-json\/wp\/v2\/media\/1313"}],"wp:attachment":[{"href":"https:\/\/themalbechouse.com\/ca\/wp-json\/wp\/v2\/media?parent=911"}],"wp:term":[{"taxonomy":"product_brand","embeddable":true,"href":"https:\/\/themalbechouse.com\/ca\/wp-json\/wp\/v2\/product_brand?post=911"},{"taxonomy":"product_cat","embeddable":true,"href":"https:\/\/themalbechouse.com\/ca\/wp-json\/wp\/v2\/product_cat?post=911"},{"taxonomy":"product_tag","embeddable":true,"href":"https:\/\/themalbechouse.com\/ca\/wp-json\/wp\/v2\/product_tag?post=911"}],"curies":[{"name":"wp","href":"https:\/\/api.w.org\/{rel}","templated":true}]}}