{"id":914,"date":"2023-11-30T11:54:08","date_gmt":"2023-11-30T10:54:08","guid":{"rendered":"https:\/\/themalbechouse.com\/?post_type=product&#038;p=914"},"modified":"2025-12-03T13:18:57","modified_gmt":"2025-12-03T12:18:57","slug":"tapiz-seleccion-de-barricas-blend","status":"publish","type":"product","link":"https:\/\/themalbechouse.com\/ca\/tapiz-seleccion-de-barricas-blend\/","title":{"rendered":"Tapiz Selecci?n de Barricas Blend"},"content":{"rendered":"","protected":false},"excerpt":{"rendered":"<p>Una experi\u00e8ncia sensorial \u00fanica amb aquest vi de color vermell intens. La seva fascinant barreja de m\u00f3res, gerds, prunes seques i cassis, real\u00e7ada per tocs de caf\u00e8, dol\u00e7 de llet i xocolata negra. Tanins madurs per a una exquisidesa inigualable!<\/p>","protected":false},"featured_media":1312,"comment_status":"open","ping_status":"closed","template":"","meta":{"_acf_changed":false},"product_brand":[],"product_cat":[125],"product_tag":[],"class_list":{"0":"post-914","1":"product","2":"type-product","3":"status-publish","4":"has-post-thumbnail","6":"product-type-tinto","7":"product-variety-red-blend","8":"product-pairing-argentina","9":"product-pairing-carnes","10":"product-winery-tapiz","11":"product_cat-valle-de-uco","13":"first","14":"instock","15":"taxable","16":"shipping-taxable","17":"purchasable","18":"product-type-simple"},"acf":[],"_links":{"self":[{"href":"https:\/\/themalbechouse.com\/ca\/wp-json\/wp\/v2\/product\/914","targetHints":{"allow":["GET"]}}],"collection":[{"href":"https:\/\/themalbechouse.com\/ca\/wp-json\/wp\/v2\/product"}],"about":[{"href":"https:\/\/themalbechouse.com\/ca\/wp-json\/wp\/v2\/types\/product"}],"replies":[{"embeddable":true,"href":"https:\/\/themalbechouse.com\/ca\/wp-json\/wp\/v2\/comments?post=914"}],"wp:featuredmedia":[{"embeddable":true,"href":"https:\/\/themalbechouse.com\/ca\/wp-json\/wp\/v2\/media\/1312"}],"wp:attachment":[{"href":"https:\/\/themalbechouse.com\/ca\/wp-json\/wp\/v2\/media?parent=914"}],"wp:term":[{"taxonomy":"product_brand","embeddable":true,"href":"https:\/\/themalbechouse.com\/ca\/wp-json\/wp\/v2\/product_brand?post=914"},{"taxonomy":"product_cat","embeddable":true,"href":"https:\/\/themalbechouse.com\/ca\/wp-json\/wp\/v2\/product_cat?post=914"},{"taxonomy":"product_tag","embeddable":true,"href":"https:\/\/themalbechouse.com\/ca\/wp-json\/wp\/v2\/product_tag?post=914"}],"curies":[{"name":"wp","href":"https:\/\/api.w.org\/{rel}","templated":true}]}}