{"id":921,"date":"2023-11-30T12:19:19","date_gmt":"2023-11-30T11:19:19","guid":{"rendered":"https:\/\/themalbechouse.com\/?post_type=product&#038;p=921"},"modified":"2025-12-03T13:18:58","modified_gmt":"2025-12-03T12:18:58","slug":"tapiz-las-notas-de-jean-claude","status":"publish","type":"product","link":"https:\/\/themalbechouse.com\/ca\/tapiz-las-notas-de-jean-claude\/","title":{"rendered":"Tap\u00eds Les Notes de Jean Claude"},"content":{"rendered":"","protected":false},"excerpt":{"rendered":"<p>Un vi que desborda intensitat, finesa i eleg\u00e0ncia. Les seves aromes a fruits vermells frescos com gerds, cassis i t\u00f2fones, mentre el roure afegeix tocs de caf\u00e8 i xocolata. En boca intens, td&#039;anells elegants i final llarg.<\/p>","protected":false},"featured_media":1310,"comment_status":"open","ping_status":"closed","template":"","meta":{"_acf_changed":false},"product_brand":[],"product_cat":[125],"product_tag":[],"class_list":{"0":"post-921","1":"product","2":"type-product","3":"status-publish","4":"has-post-thumbnail","6":"product-chance-regalar","7":"product-chance-vinos-elegantes","8":"product-type-tinto","9":"product-variety-red-blend","10":"product-pairing-argentina","11":"product-pairing-carnes","12":"product-pairing-cerdo","13":"product-winery-tapiz","14":"product_cat-valle-de-uco","16":"first","17":"instock","18":"taxable","19":"shipping-taxable","20":"purchasable","21":"product-type-simple"},"acf":[],"_links":{"self":[{"href":"https:\/\/themalbechouse.com\/ca\/wp-json\/wp\/v2\/product\/921","targetHints":{"allow":["GET"]}}],"collection":[{"href":"https:\/\/themalbechouse.com\/ca\/wp-json\/wp\/v2\/product"}],"about":[{"href":"https:\/\/themalbechouse.com\/ca\/wp-json\/wp\/v2\/types\/product"}],"replies":[{"embeddable":true,"href":"https:\/\/themalbechouse.com\/ca\/wp-json\/wp\/v2\/comments?post=921"}],"wp:featuredmedia":[{"embeddable":true,"href":"https:\/\/themalbechouse.com\/ca\/wp-json\/wp\/v2\/media\/1310"}],"wp:attachment":[{"href":"https:\/\/themalbechouse.com\/ca\/wp-json\/wp\/v2\/media?parent=921"}],"wp:term":[{"taxonomy":"product_brand","embeddable":true,"href":"https:\/\/themalbechouse.com\/ca\/wp-json\/wp\/v2\/product_brand?post=921"},{"taxonomy":"product_cat","embeddable":true,"href":"https:\/\/themalbechouse.com\/ca\/wp-json\/wp\/v2\/product_cat?post=921"},{"taxonomy":"product_tag","embeddable":true,"href":"https:\/\/themalbechouse.com\/ca\/wp-json\/wp\/v2\/product_tag?post=921"}],"curies":[{"name":"wp","href":"https:\/\/api.w.org\/{rel}","templated":true}]}}