{"id":939,"date":"2023-12-01T11:58:21","date_gmt":"2023-12-01T10:58:21","guid":{"rendered":"https:\/\/themalbechouse.com\/?post_type=product&#038;p=939"},"modified":"2025-12-03T13:19:02","modified_gmt":"2025-12-03T12:19:02","slug":"wapisa-malbec","status":"publish","type":"product","link":"https:\/\/themalbechouse.com\/ca\/wapisa-malbec\/","title":{"rendered":"Wapisa Malbec"},"content":{"rendered":"","protected":false},"excerpt":{"rendered":"<p>Aquest vi t\u00e9 aromes de fruits vermells amb aquest toc especial de les esp\u00e8cies, i sabors de cireres negres, tocs minerals i una mica d&#039;esp\u00e8cies i de vainilla. Els tanins s\u00f3n justos i l&#039;acidesa \u00e9s l&#039;acompanyant perfecte.<\/p>","protected":false},"featured_media":1307,"comment_status":"open","ping_status":"closed","template":"","meta":{"_acf_changed":false},"product_brand":[],"product_cat":[444],"product_tag":[],"class_list":{"0":"post-939","1":"product","2":"type-product","3":"status-publish","4":"has-post-thumbnail","6":"product-type-tinto","7":"product-variety-malbec","8":"product-pairing-argentina","9":"product-pairing-carnes","10":"product-pairing-cordero","11":"product-winery-wapisa","12":"product_cat-san-javier","14":"first","15":"instock","16":"taxable","17":"shipping-taxable","18":"purchasable","19":"product-type-simple"},"acf":[],"_links":{"self":[{"href":"https:\/\/themalbechouse.com\/ca\/wp-json\/wp\/v2\/product\/939","targetHints":{"allow":["GET"]}}],"collection":[{"href":"https:\/\/themalbechouse.com\/ca\/wp-json\/wp\/v2\/product"}],"about":[{"href":"https:\/\/themalbechouse.com\/ca\/wp-json\/wp\/v2\/types\/product"}],"replies":[{"embeddable":true,"href":"https:\/\/themalbechouse.com\/ca\/wp-json\/wp\/v2\/comments?post=939"}],"wp:featuredmedia":[{"embeddable":true,"href":"https:\/\/themalbechouse.com\/ca\/wp-json\/wp\/v2\/media\/1307"}],"wp:attachment":[{"href":"https:\/\/themalbechouse.com\/ca\/wp-json\/wp\/v2\/media?parent=939"}],"wp:term":[{"taxonomy":"product_brand","embeddable":true,"href":"https:\/\/themalbechouse.com\/ca\/wp-json\/wp\/v2\/product_brand?post=939"},{"taxonomy":"product_cat","embeddable":true,"href":"https:\/\/themalbechouse.com\/ca\/wp-json\/wp\/v2\/product_cat?post=939"},{"taxonomy":"product_tag","embeddable":true,"href":"https:\/\/themalbechouse.com\/ca\/wp-json\/wp\/v2\/product_tag?post=939"}],"curies":[{"name":"wp","href":"https:\/\/api.w.org\/{rel}","templated":true}]}}