{"id":958,"date":"2023-12-04T10:25:28","date_gmt":"2023-12-04T09:25:28","guid":{"rendered":"https:\/\/themalbechouse.com\/?post_type=product&#038;p=958"},"modified":"2026-04-01T18:29:46","modified_gmt":"2026-04-01T16:29:46","slug":"1884-res-malbec","status":"publish","type":"product","link":"https:\/\/themalbechouse.com\/ca\/1884-res-malbec\/","title":{"rendered":"1884 Reserva Malbec"},"content":{"rendered":"","protected":false},"excerpt":{"rendered":"<p>Aquest vi \u00e9s una barreja de m\u00f3res, nabius i prunes, una combinaci\u00f3 cl\u00e0ssica de deliciosos sabors estiuencs. Les seves notes especiades i torrades de la b\u00f3ta que afegeixen profunditat a l&#039;aroma afruitada. Els suaus tanins aporten un equilibri perfecte.<\/p>","protected":false},"featured_media":1224,"comment_status":"open","ping_status":"closed","template":"","meta":{"_acf_changed":false},"product_brand":[],"product_cat":[126],"product_tag":[],"class_list":{"0":"post-958","1":"product","2":"type-product","3":"status-publish","4":"has-post-thumbnail","6":"product-type-tinto","7":"product-variety-malbec","8":"product-pairing-argentina","9":"product-pairing-carnes","10":"product-winery-escorihuela-gascon","11":"product_cat-lujan-de-cuyo","13":"first","14":"instock","15":"taxable","16":"shipping-taxable","17":"purchasable","18":"product-type-simple"},"acf":[],"_links":{"self":[{"href":"https:\/\/themalbechouse.com\/ca\/wp-json\/wp\/v2\/product\/958","targetHints":{"allow":["GET"]}}],"collection":[{"href":"https:\/\/themalbechouse.com\/ca\/wp-json\/wp\/v2\/product"}],"about":[{"href":"https:\/\/themalbechouse.com\/ca\/wp-json\/wp\/v2\/types\/product"}],"replies":[{"embeddable":true,"href":"https:\/\/themalbechouse.com\/ca\/wp-json\/wp\/v2\/comments?post=958"}],"wp:featuredmedia":[{"embeddable":true,"href":"https:\/\/themalbechouse.com\/ca\/wp-json\/wp\/v2\/media\/1224"}],"wp:attachment":[{"href":"https:\/\/themalbechouse.com\/ca\/wp-json\/wp\/v2\/media?parent=958"}],"wp:term":[{"taxonomy":"product_brand","embeddable":true,"href":"https:\/\/themalbechouse.com\/ca\/wp-json\/wp\/v2\/product_brand?post=958"},{"taxonomy":"product_cat","embeddable":true,"href":"https:\/\/themalbechouse.com\/ca\/wp-json\/wp\/v2\/product_cat?post=958"},{"taxonomy":"product_tag","embeddable":true,"href":"https:\/\/themalbechouse.com\/ca\/wp-json\/wp\/v2\/product_tag?post=958"}],"curies":[{"name":"wp","href":"https:\/\/api.w.org\/{rel}","templated":true}]}}