{"id":961,"date":"2023-12-04T10:42:14","date_gmt":"2023-12-04T09:42:14","guid":{"rendered":"https:\/\/themalbechouse.com\/?post_type=product&#038;p=961"},"modified":"2025-12-03T13:19:07","modified_gmt":"2025-12-03T12:19:07","slug":"1884-reserva-sangiovese","status":"publish","type":"product","link":"https:\/\/themalbechouse.com\/ca\/1884-reserva-sangiovese\/","title":{"rendered":"1884 Reserva Sangiovese"},"content":{"rendered":"","protected":false},"excerpt":{"rendered":"<p>Aquest vi \u00e9s un estudi de contrastos. Presenta aromes bals\u00e0miques i d&#039;herbes de Proven\u00e7a, olives negres, fruits vermells i melmelada de baies. El roure aporta fum i esp\u00e8cies. En boca \u00e9s suau, de cos mitj\u00e0 i tanins vellutats.<\/p>","protected":false},"featured_media":1345,"comment_status":"open","ping_status":"closed","template":"","meta":{"_acf_changed":false},"product_brand":[],"product_cat":[126],"product_tag":[],"class_list":{"0":"post-961","1":"product","2":"type-product","3":"status-publish","4":"has-post-thumbnail","6":"product-type-tinto","7":"product-variety-sangiovese","8":"product-pairing-italiana","9":"product-winery-escorihuela-gascon","10":"product_cat-lujan-de-cuyo","12":"first","13":"instock","14":"taxable","15":"shipping-taxable","16":"purchasable","17":"product-type-simple"},"acf":[],"_links":{"self":[{"href":"https:\/\/themalbechouse.com\/ca\/wp-json\/wp\/v2\/product\/961","targetHints":{"allow":["GET"]}}],"collection":[{"href":"https:\/\/themalbechouse.com\/ca\/wp-json\/wp\/v2\/product"}],"about":[{"href":"https:\/\/themalbechouse.com\/ca\/wp-json\/wp\/v2\/types\/product"}],"replies":[{"embeddable":true,"href":"https:\/\/themalbechouse.com\/ca\/wp-json\/wp\/v2\/comments?post=961"}],"wp:featuredmedia":[{"embeddable":true,"href":"https:\/\/themalbechouse.com\/ca\/wp-json\/wp\/v2\/media\/1345"}],"wp:attachment":[{"href":"https:\/\/themalbechouse.com\/ca\/wp-json\/wp\/v2\/media?parent=961"}],"wp:term":[{"taxonomy":"product_brand","embeddable":true,"href":"https:\/\/themalbechouse.com\/ca\/wp-json\/wp\/v2\/product_brand?post=961"},{"taxonomy":"product_cat","embeddable":true,"href":"https:\/\/themalbechouse.com\/ca\/wp-json\/wp\/v2\/product_cat?post=961"},{"taxonomy":"product_tag","embeddable":true,"href":"https:\/\/themalbechouse.com\/ca\/wp-json\/wp\/v2\/product_tag?post=961"}],"curies":[{"name":"wp","href":"https:\/\/api.w.org\/{rel}","templated":true}]}}