{"id":964,"date":"2023-12-04T10:50:29","date_gmt":"2023-12-04T09:50:29","guid":{"rendered":"https:\/\/themalbechouse.com\/?post_type=product&#038;p=964"},"modified":"2026-02-25T17:40:15","modified_gmt":"2026-02-25T16:40:15","slug":"1884-reserva-malbec-organico","status":"publish","type":"product","link":"https:\/\/themalbechouse.com\/ca\/1884-reserva-malbec-organico\/","title":{"rendered":"1884 Reserva Malbec Org?nico"},"content":{"rendered":"","protected":false},"excerpt":{"rendered":"<p>Aquest vi \u00e9s un delici\u00f3s i aut\u00e8ntic Malbec. El seu aroma afruitat i terr\u00f3s et transportar\u00e0 entre prunes, cireres negres, nabius i m\u00f3res, amb tocs florals i herbes. A la boca, tanins sucosos i un final llarg amb un toc especiat.<\/p>","protected":false},"featured_media":1231,"comment_status":"open","ping_status":"closed","template":"","meta":{"_acf_changed":false},"product_brand":[],"product_cat":[126],"product_tag":[],"class_list":{"0":"post-964","1":"product","2":"type-product","3":"status-publish","4":"has-post-thumbnail","6":"product-type-tinto","7":"product-variety-malbec","8":"product-pairing-argentina","9":"product-pairing-carnes","10":"product-winery-escorihuela-gascon","11":"product_cat-lujan-de-cuyo","13":"first","14":"outofstock","15":"taxable","16":"shipping-taxable","17":"purchasable","18":"product-type-simple"},"acf":[],"_links":{"self":[{"href":"https:\/\/themalbechouse.com\/ca\/wp-json\/wp\/v2\/product\/964","targetHints":{"allow":["GET"]}}],"collection":[{"href":"https:\/\/themalbechouse.com\/ca\/wp-json\/wp\/v2\/product"}],"about":[{"href":"https:\/\/themalbechouse.com\/ca\/wp-json\/wp\/v2\/types\/product"}],"replies":[{"embeddable":true,"href":"https:\/\/themalbechouse.com\/ca\/wp-json\/wp\/v2\/comments?post=964"}],"wp:featuredmedia":[{"embeddable":true,"href":"https:\/\/themalbechouse.com\/ca\/wp-json\/wp\/v2\/media\/1231"}],"wp:attachment":[{"href":"https:\/\/themalbechouse.com\/ca\/wp-json\/wp\/v2\/media?parent=964"}],"wp:term":[{"taxonomy":"product_brand","embeddable":true,"href":"https:\/\/themalbechouse.com\/ca\/wp-json\/wp\/v2\/product_brand?post=964"},{"taxonomy":"product_cat","embeddable":true,"href":"https:\/\/themalbechouse.com\/ca\/wp-json\/wp\/v2\/product_cat?post=964"},{"taxonomy":"product_tag","embeddable":true,"href":"https:\/\/themalbechouse.com\/ca\/wp-json\/wp\/v2\/product_tag?post=964"}],"curies":[{"name":"wp","href":"https:\/\/api.w.org\/{rel}","templated":true}]}}