{"id":967,"date":"2023-12-04T10:58:32","date_gmt":"2023-12-04T09:58:32","guid":{"rendered":"https:\/\/themalbechouse.com\/?post_type=product&#038;p=967"},"modified":"2026-02-23T17:34:35","modified_gmt":"2026-02-23T16:34:35","slug":"gascon-gran-reserva-malbec","status":"publish","type":"product","link":"https:\/\/themalbechouse.com\/ca\/gascon-gran-reserva-malbec\/","title":{"rendered":"Gasc\u00f3 Gran Reserva Malbec"},"content":{"rendered":"","protected":false},"excerpt":{"rendered":"<p>\u00c9s un vi suc\u00f3s i fresc, amb notes de melmelada, violetes i fum procedents del seu pas per b\u00f3ta. T\u00e9 un gran equilibri entre dol\u00e7or i acidesa, amb un final persistent.<\/p>","protected":false},"featured_media":1344,"comment_status":"open","ping_status":"closed","template":"","meta":{"_acf_changed":false},"product_brand":[],"product_cat":[126],"product_tag":[],"class_list":{"0":"post-967","1":"product","2":"type-product","3":"status-publish","4":"has-post-thumbnail","6":"product-chance-vinos-cena-especial","7":"product-type-tinto","8":"product-variety-malbec","9":"product-pairing-carnes","10":"product-pairing-argentina","11":"product-winery-escorihuela-gascon","12":"product_cat-lujan-de-cuyo","14":"first","15":"instock","16":"taxable","17":"shipping-taxable","18":"purchasable","19":"product-type-simple"},"acf":[],"_links":{"self":[{"href":"https:\/\/themalbechouse.com\/ca\/wp-json\/wp\/v2\/product\/967","targetHints":{"allow":["GET"]}}],"collection":[{"href":"https:\/\/themalbechouse.com\/ca\/wp-json\/wp\/v2\/product"}],"about":[{"href":"https:\/\/themalbechouse.com\/ca\/wp-json\/wp\/v2\/types\/product"}],"replies":[{"embeddable":true,"href":"https:\/\/themalbechouse.com\/ca\/wp-json\/wp\/v2\/comments?post=967"}],"wp:featuredmedia":[{"embeddable":true,"href":"https:\/\/themalbechouse.com\/ca\/wp-json\/wp\/v2\/media\/1344"}],"wp:attachment":[{"href":"https:\/\/themalbechouse.com\/ca\/wp-json\/wp\/v2\/media?parent=967"}],"wp:term":[{"taxonomy":"product_brand","embeddable":true,"href":"https:\/\/themalbechouse.com\/ca\/wp-json\/wp\/v2\/product_brand?post=967"},{"taxonomy":"product_cat","embeddable":true,"href":"https:\/\/themalbechouse.com\/ca\/wp-json\/wp\/v2\/product_cat?post=967"},{"taxonomy":"product_tag","embeddable":true,"href":"https:\/\/themalbechouse.com\/ca\/wp-json\/wp\/v2\/product_tag?post=967"}],"curies":[{"name":"wp","href":"https:\/\/api.w.org\/{rel}","templated":true}]}}