{"id":970,"date":"2023-12-04T11:15:17","date_gmt":"2023-12-04T10:15:17","guid":{"rendered":"https:\/\/themalbechouse.com\/?post_type=product&#038;p=970"},"modified":"2025-12-10T10:41:32","modified_gmt":"2025-12-10T09:41:32","slug":"1884-producciones-limitadas-malbec","status":"publish","type":"product","link":"https:\/\/themalbechouse.com\/ca\/1884-producciones-limitadas-malbec\/","title":{"rendered":"1884 Produccions Limitades Malbec"},"content":{"rendered":"","protected":false},"excerpt":{"rendered":"<p>Aquest vi posseeix una captivadora aroma a prunes i cireres, amb nabius i violetes. \u00c9s suc\u00f3s, dol\u00e7 i afruitat, amb tanins joves, vellutats i persistents.<\/p>","protected":false},"featured_media":1228,"comment_status":"open","ping_status":"closed","template":"","meta":{"_acf_changed":false},"product_brand":[],"product_cat":[126],"product_tag":[],"class_list":{"0":"post-970","1":"product","2":"type-product","3":"status-publish","4":"has-post-thumbnail","6":"product-chance-vinos-elegantes","7":"product-chance-vinos-cena-especial","8":"product-type-tinto","9":"product-variety-malbec","10":"product-pairing-argentina","11":"product-pairing-carnes","12":"product-winery-escorihuela-gascon","13":"product_cat-lujan-de-cuyo","15":"first","16":"outofstock","17":"taxable","18":"shipping-taxable","19":"purchasable","20":"product-type-simple"},"acf":[],"_links":{"self":[{"href":"https:\/\/themalbechouse.com\/ca\/wp-json\/wp\/v2\/product\/970","targetHints":{"allow":["GET"]}}],"collection":[{"href":"https:\/\/themalbechouse.com\/ca\/wp-json\/wp\/v2\/product"}],"about":[{"href":"https:\/\/themalbechouse.com\/ca\/wp-json\/wp\/v2\/types\/product"}],"replies":[{"embeddable":true,"href":"https:\/\/themalbechouse.com\/ca\/wp-json\/wp\/v2\/comments?post=970"}],"wp:featuredmedia":[{"embeddable":true,"href":"https:\/\/themalbechouse.com\/ca\/wp-json\/wp\/v2\/media\/1228"}],"wp:attachment":[{"href":"https:\/\/themalbechouse.com\/ca\/wp-json\/wp\/v2\/media?parent=970"}],"wp:term":[{"taxonomy":"product_brand","embeddable":true,"href":"https:\/\/themalbechouse.com\/ca\/wp-json\/wp\/v2\/product_brand?post=970"},{"taxonomy":"product_cat","embeddable":true,"href":"https:\/\/themalbechouse.com\/ca\/wp-json\/wp\/v2\/product_cat?post=970"},{"taxonomy":"product_tag","embeddable":true,"href":"https:\/\/themalbechouse.com\/ca\/wp-json\/wp\/v2\/product_tag?post=970"}],"curies":[{"name":"wp","href":"https:\/\/api.w.org\/{rel}","templated":true}]}}