{"id":973,"date":"2023-12-04T11:22:46","date_gmt":"2023-12-04T10:22:46","guid":{"rendered":"https:\/\/themalbechouse.com\/?post_type=product&#038;p=973"},"modified":"2025-12-03T13:19:09","modified_gmt":"2025-12-03T12:19:09","slug":"the-presidents-blend","status":"publish","type":"product","link":"https:\/\/themalbechouse.com\/ca\/the-presidents-blend\/","title":{"rendered":"The President&#039;s Blend"},"content":{"rendered":"","protected":false},"excerpt":{"rendered":"<p>\u00c9s un vi complex i profund, amb aromes de cassis, prunes negres i esp\u00e8cies i herbes de Proven\u00e7a. \u00c9s elegant, punxant i suc\u00f3s, amb frescor afruitada. Els tanins s\u00f3n rodons i el final \u00e9s llarg amb notes especiades i afruitades.<\/p>","protected":false},"featured_media":1221,"comment_status":"open","ping_status":"closed","template":"","meta":{"_acf_changed":false},"product_brand":[],"product_cat":[126],"product_tag":[],"class_list":{"0":"post-973","1":"product","2":"type-product","3":"status-publish","4":"has-post-thumbnail","6":"product-chance-vinos-cena-especial","7":"product-chance-vinos-elegantes","8":"product-type-tinto","9":"product-variety-malbec","10":"product-pairing-carnes","11":"product-pairing-argentina","12":"product-winery-escorihuela-gascon","13":"product_cat-lujan-de-cuyo","15":"first","16":"instock","17":"taxable","18":"shipping-taxable","19":"purchasable","20":"product-type-simple"},"acf":[],"_links":{"self":[{"href":"https:\/\/themalbechouse.com\/ca\/wp-json\/wp\/v2\/product\/973","targetHints":{"allow":["GET"]}}],"collection":[{"href":"https:\/\/themalbechouse.com\/ca\/wp-json\/wp\/v2\/product"}],"about":[{"href":"https:\/\/themalbechouse.com\/ca\/wp-json\/wp\/v2\/types\/product"}],"replies":[{"embeddable":true,"href":"https:\/\/themalbechouse.com\/ca\/wp-json\/wp\/v2\/comments?post=973"}],"wp:featuredmedia":[{"embeddable":true,"href":"https:\/\/themalbechouse.com\/ca\/wp-json\/wp\/v2\/media\/1221"}],"wp:attachment":[{"href":"https:\/\/themalbechouse.com\/ca\/wp-json\/wp\/v2\/media?parent=973"}],"wp:term":[{"taxonomy":"product_brand","embeddable":true,"href":"https:\/\/themalbechouse.com\/ca\/wp-json\/wp\/v2\/product_brand?post=973"},{"taxonomy":"product_cat","embeddable":true,"href":"https:\/\/themalbechouse.com\/ca\/wp-json\/wp\/v2\/product_cat?post=973"},{"taxonomy":"product_tag","embeddable":true,"href":"https:\/\/themalbechouse.com\/ca\/wp-json\/wp\/v2\/product_tag?post=973"}],"curies":[{"name":"wp","href":"https:\/\/api.w.org\/{rel}","templated":true}]}}