{"id":984,"date":"2023-12-04T12:11:07","date_gmt":"2023-12-04T11:11:07","guid":{"rendered":"https:\/\/themalbechouse.com\/?post_type=product&#038;p=984"},"modified":"2025-12-03T13:19:12","modified_gmt":"2025-12-03T12:19:12","slug":"amplus-mountain-vineyard-merlot","status":"publish","type":"product","link":"https:\/\/themalbechouse.com\/ca\/amplus-mountain-vineyard-merlot\/","title":{"rendered":"Amplus Mountain Vineyard Merlot"},"content":{"rendered":"","protected":false},"excerpt":{"rendered":"<p>Aquest vi \u00e9s intens, expressiu i delici\u00f3s. L&#039;aroma \u00e9s plena de fruites negres i vermelles, prunes i m\u00f3res; tamb\u00e9 hi ha notes de pebre i notes florals. T\u00e9 un car\u00e0cter agradable i elegant, ben equilibrat al paladar.<\/p>","protected":false},"featured_media":1297,"comment_status":"open","ping_status":"closed","template":"","meta":{"_acf_changed":false},"product_brand":[],"product_cat":[261],"product_tag":[],"class_list":{"0":"post-984","1":"product","2":"type-product","3":"status-publish","4":"has-post-thumbnail","6":"product-type-tinto","7":"product-variety-merlot","8":"product-pairing-carnes","9":"product-pairing-italiana","10":"product-winery-vina-santa-ema","11":"product_cat-valle-de-maipo","13":"first","14":"instock","15":"taxable","16":"shipping-taxable","17":"purchasable","18":"product-type-simple"},"acf":[],"_links":{"self":[{"href":"https:\/\/themalbechouse.com\/ca\/wp-json\/wp\/v2\/product\/984","targetHints":{"allow":["GET"]}}],"collection":[{"href":"https:\/\/themalbechouse.com\/ca\/wp-json\/wp\/v2\/product"}],"about":[{"href":"https:\/\/themalbechouse.com\/ca\/wp-json\/wp\/v2\/types\/product"}],"replies":[{"embeddable":true,"href":"https:\/\/themalbechouse.com\/ca\/wp-json\/wp\/v2\/comments?post=984"}],"wp:featuredmedia":[{"embeddable":true,"href":"https:\/\/themalbechouse.com\/ca\/wp-json\/wp\/v2\/media\/1297"}],"wp:attachment":[{"href":"https:\/\/themalbechouse.com\/ca\/wp-json\/wp\/v2\/media?parent=984"}],"wp:term":[{"taxonomy":"product_brand","embeddable":true,"href":"https:\/\/themalbechouse.com\/ca\/wp-json\/wp\/v2\/product_brand?post=984"},{"taxonomy":"product_cat","embeddable":true,"href":"https:\/\/themalbechouse.com\/ca\/wp-json\/wp\/v2\/product_cat?post=984"},{"taxonomy":"product_tag","embeddable":true,"href":"https:\/\/themalbechouse.com\/ca\/wp-json\/wp\/v2\/product_tag?post=984"}],"curies":[{"name":"wp","href":"https:\/\/api.w.org\/{rel}","templated":true}]}}