{"id":993,"date":"2023-12-04T13:08:32","date_gmt":"2023-12-04T12:08:32","guid":{"rendered":"https:\/\/themalbechouse.com\/?post_type=product&#038;p=993"},"modified":"2025-12-03T13:19:14","modified_gmt":"2025-12-03T12:19:14","slug":"cape-crest-sauvignon-blanc-sauvignon-gris-semillon","status":"publish","type":"product","link":"https:\/\/themalbechouse.com\/ca\/cape-crest-sauvignon-blanc-sauvignon-gris-semillon\/","title":{"rendered":"Cape Crest Sauvignon Blanc"},"content":{"rendered":"","protected":false},"excerpt":{"rendered":"<p>Aquest Sauvignon Blanc neozeland\u00e8s \u00e9s una experi\u00e8ncia \u00fanica. Fermentat en b\u00f3ta i enriquit amb S\u00e9millon i Sauvignon Gris, enlluerna amb la seva complexitat. Descobreix notes torrades, flor de c\u00edtrics i una barreja deliciosa de pera i fruites de pinyol.<\/p>","protected":false},"featured_media":1291,"comment_status":"open","ping_status":"closed","template":"","meta":{"_acf_changed":false},"product_brand":[],"product_cat":[160],"product_tag":[],"class_list":{"0":"post-993","1":"product","2":"type-product","3":"status-publish","4":"has-post-thumbnail","6":"product-type-blanco","7":"product-variety-sauvignon-blanc","8":"product-pairing-aves","9":"product-pairing-mariscos","10":"product-winery-te-mata-estate","11":"product_cat-hawkes-bay","13":"first","14":"instock","15":"taxable","16":"shipping-taxable","17":"purchasable","18":"product-type-simple"},"acf":[],"_links":{"self":[{"href":"https:\/\/themalbechouse.com\/ca\/wp-json\/wp\/v2\/product\/993","targetHints":{"allow":["GET"]}}],"collection":[{"href":"https:\/\/themalbechouse.com\/ca\/wp-json\/wp\/v2\/product"}],"about":[{"href":"https:\/\/themalbechouse.com\/ca\/wp-json\/wp\/v2\/types\/product"}],"replies":[{"embeddable":true,"href":"https:\/\/themalbechouse.com\/ca\/wp-json\/wp\/v2\/comments?post=993"}],"wp:featuredmedia":[{"embeddable":true,"href":"https:\/\/themalbechouse.com\/ca\/wp-json\/wp\/v2\/media\/1291"}],"wp:attachment":[{"href":"https:\/\/themalbechouse.com\/ca\/wp-json\/wp\/v2\/media?parent=993"}],"wp:term":[{"taxonomy":"product_brand","embeddable":true,"href":"https:\/\/themalbechouse.com\/ca\/wp-json\/wp\/v2\/product_brand?post=993"},{"taxonomy":"product_cat","embeddable":true,"href":"https:\/\/themalbechouse.com\/ca\/wp-json\/wp\/v2\/product_cat?post=993"},{"taxonomy":"product_tag","embeddable":true,"href":"https:\/\/themalbechouse.com\/ca\/wp-json\/wp\/v2\/product_tag?post=993"}],"curies":[{"name":"wp","href":"https:\/\/api.w.org\/{rel}","templated":true}]}}