{"id":2531,"date":"2025-10-30T18:00:58","date_gmt":"2025-10-30T17:00:58","guid":{"rendered":"https:\/\/themalbechouse.com\/?post_type=product&#038;p=2531"},"modified":"2025-12-11T19:40:08","modified_gmt":"2025-12-11T18:40:08","slug":"rubus-leuko","status":"publish","type":"product","link":"https:\/\/themalbechouse.com\/en\/rubus-leuko\/","title":{"rendered":"RUBUS LEUKO"},"content":{"rendered":"<p>Rubus Leuko 2024 es un vino blanco 100% Macabeo procedente de vi\u00f1edos de monta\u00f1a del Sistema Ib\u00e9rico, a 890 metros de altitud en la comarca del Jiloca (Teruel). Elaborado con prensado directo y criado 6 meses en huevos flextank con l\u00edas, ofrece pureza, textura y frescura excepcional. Producci\u00f3n limitada a 1.385 botellas, ideal para amantes de los vinos singulares de altura.<\/p>","protected":false},"excerpt":{"rendered":"<p>Rubus Leuko 2024 es un vino blanco 100% Macabeo procedente de vi\u00f1edos de monta\u00f1a del Sistema Ib\u00e9rico, a 890 metros de altitud en la comarca del Jiloca (Teruel). Elaborado con prensado directo y criado 6 meses en huevos flextank con l\u00edas, ofrece pureza, textura y frescura excepcional. Producci\u00f3n limitada a 1.385 botellas, ideal para amantes de los vinos singulares de altura.<\/p>","protected":false},"featured_media":2561,"comment_status":"open","ping_status":"closed","template":"","meta":{"_acf_changed":false},"product_brand":[],"product_cat":[617],"product_tag":[660,618,661],"class_list":{"0":"post-2531","1":"product","2":"type-product","3":"status-publish","4":"has-post-thumbnail","6":"product-chance-vinos-comer-con-queso","7":"product-chance-vinos-cena-especial","8":"product-type-blanco","9":"product-variety-macabeo","10":"product-pairing-aperitivos","11":"product-pairing-cangrejo","12":"product-pairing-cerdo","13":"product-pairing-conejo","14":"product-winery-rubus","15":"product-state-nuevo","16":"product_cat-teruel","17":"product_tag-leuko","18":"product_tag-rubus","19":"product_tag-teruel","21":"first","22":"instock","23":"taxable","24":"shipping-taxable","25":"purchasable","26":"product-type-simple"},"acf":[],"_links":{"self":[{"href":"https:\/\/themalbechouse.com\/en\/wp-json\/wp\/v2\/product\/2531","targetHints":{"allow":["GET"]}}],"collection":[{"href":"https:\/\/themalbechouse.com\/en\/wp-json\/wp\/v2\/product"}],"about":[{"href":"https:\/\/themalbechouse.com\/en\/wp-json\/wp\/v2\/types\/product"}],"replies":[{"embeddable":true,"href":"https:\/\/themalbechouse.com\/en\/wp-json\/wp\/v2\/comments?post=2531"}],"wp:featuredmedia":[{"embeddable":true,"href":"https:\/\/themalbechouse.com\/en\/wp-json\/wp\/v2\/media\/2561"}],"wp:attachment":[{"href":"https:\/\/themalbechouse.com\/en\/wp-json\/wp\/v2\/media?parent=2531"}],"wp:term":[{"taxonomy":"product_brand","embeddable":true,"href":"https:\/\/themalbechouse.com\/en\/wp-json\/wp\/v2\/product_brand?post=2531"},{"taxonomy":"product_cat","embeddable":true,"href":"https:\/\/themalbechouse.com\/en\/wp-json\/wp\/v2\/product_cat?post=2531"},{"taxonomy":"product_tag","embeddable":true,"href":"https:\/\/themalbechouse.com\/en\/wp-json\/wp\/v2\/product_tag?post=2531"}],"curies":[{"name":"wp","href":"https:\/\/api.w.org\/{rel}","templated":true}]}}