{"id":2607,"date":"2026-03-07T12:51:02","date_gmt":"2026-03-07T11:51:02","guid":{"rendered":"https:\/\/themalbechouse.com\/?post_type=product&#038;p=2607"},"modified":"2026-03-09T15:27:27","modified_gmt":"2026-03-09T14:27:27","slug":"la-sala-club-de-vinos","status":"publish","type":"product","link":"https:\/\/themalbechouse.com\/en\/la-sala-club-de-vinos\/","title":{"rendered":"La Sala, Wine Club"},"content":{"rendered":"","protected":false},"excerpt":{"rendered":"<p data-start=\"289\" data-end=\"325\">Suscripci\u00f3n mensual<\/p>\n<p data-start=\"327\" data-end=\"532\">El <strong data-start=\"330\" data-end=\"355\">Club de Vinos La Sala<\/strong> es nuestra comunidad para quienes quieren ir m\u00e1s all\u00e1 de beber vino y <strong data-start=\"426\" data-end=\"531\">formar parte de una experiencia de descubrimiento, cata y aprendizaje en torno a peque\u00f1os productores<\/strong>.<\/p>\n<p data-start=\"534\" data-end=\"787\">Cada mes seleccionamos <strong data-start=\"557\" data-end=\"605\">1 o 2 bodegas que nos inspiran especialmente<\/strong>, proyectos aut\u00e9nticos de Europa o del Nuevo Mundo que trabajan con producciones limitadas, variedades interesantes y una filosof\u00eda respetuosa con el origen y la m\u00ednima intervenci\u00f3n.<\/p>\n<p data-start=\"789\" data-end=\"981\">Como socio del club recoger\u00e1s en <strong>La Sala, Wine Club<\/strong> (Calle Proven\u00e7a 135, BCN) <strong data-start=\"819\" data-end=\"868\">2 o 3 botellas de estas bodegas seleccionadas<\/strong>, para seguir descubriendo sus vinos en casa, adem\u00e1s de acceder a <strong data-start=\"934\" data-end=\"980\">catas y experiencias exclusivas en La Sala<\/strong>.<\/p>\n<p data-start=\"983\" data-end=\"1212\">A diferencia de nuestra suscripci\u00f3n de env\u00edo a domicilio, <strong data-start=\"1041\" data-end=\"1098\">los vinos del club se recogen directamente en La Sala<\/strong>, convirtiendo cada visita en una oportunidad para compartir, aprender y disfrutar del vino con otros aficionados.<\/p>\n<p data-start=\"1219\" data-end=\"1259\">Qu\u00e9 incluye el Club de Vinos La Sala<\/p>\n<p data-start=\"1261\" data-end=\"1644\">\u2022 <strong data-start=\"1263\" data-end=\"1288\">2\u20133 botellas cada mes<\/strong> de 1 o 2 bodegas seleccionadas por nuestro equipo.<br data-start=\"1339\" data-end=\"1342\" \/>\u2022 <strong data-start=\"1344\" data-end=\"1385\">Acceso a catas exclusivas para socios<\/strong> en La Sala.<br data-start=\"1397\" data-end=\"1400\" \/>\u2022 <strong data-start=\"1402\" data-end=\"1465\">Eventos especiales en restaurantes y espacios gastron\u00f3micos<\/strong> con productores invitados.<br data-start=\"1492\" data-end=\"1495\" \/>\u2022 <strong data-start=\"1497\" data-end=\"1523\">Descuentos para socios<\/strong> en nuestra tienda f\u00edsica.<br data-start=\"1558\" data-end=\"1561\" \/>\u2022 <strong data-start=\"1563\" data-end=\"1643\">Prioridad para participar en eventos, presentaciones y experiencias del club<\/strong>.<\/p>","protected":false},"featured_media":2395,"comment_status":"open","ping_status":"closed","template":"","meta":{"_acf_changed":false},"product_brand":[],"product_cat":[555],"product_tag":[],"class_list":{"0":"post-2607","1":"product","2":"type-product","3":"status-publish","4":"has-post-thumbnail","6":"product-chance-club-de-vinos","7":"product-state-nuevo","8":"product_cat-varias-procedencias","10":"first","11":"instock","12":"virtual","13":"taxable","14":"purchasable","15":"product-type-subscription"},"acf":[],"_links":{"self":[{"href":"https:\/\/themalbechouse.com\/en\/wp-json\/wp\/v2\/product\/2607","targetHints":{"allow":["GET"]}}],"collection":[{"href":"https:\/\/themalbechouse.com\/en\/wp-json\/wp\/v2\/product"}],"about":[{"href":"https:\/\/themalbechouse.com\/en\/wp-json\/wp\/v2\/types\/product"}],"replies":[{"embeddable":true,"href":"https:\/\/themalbechouse.com\/en\/wp-json\/wp\/v2\/comments?post=2607"}],"wp:featuredmedia":[{"embeddable":true,"href":"https:\/\/themalbechouse.com\/en\/wp-json\/wp\/v2\/media\/2395"}],"wp:attachment":[{"href":"https:\/\/themalbechouse.com\/en\/wp-json\/wp\/v2\/media?parent=2607"}],"wp:term":[{"taxonomy":"product_brand","embeddable":true,"href":"https:\/\/themalbechouse.com\/en\/wp-json\/wp\/v2\/product_brand?post=2607"},{"taxonomy":"product_cat","embeddable":true,"href":"https:\/\/themalbechouse.com\/en\/wp-json\/wp\/v2\/product_cat?post=2607"},{"taxonomy":"product_tag","embeddable":true,"href":"https:\/\/themalbechouse.com\/en\/wp-json\/wp\/v2\/product_tag?post=2607"}],"curies":[{"name":"wp","href":"https:\/\/api.w.org\/{rel}","templated":true}]}}